{"id":7714,"date":"2022-05-23T11:36:45","date_gmt":"2022-05-23T09:36:45","guid":{"rendered":"https:\/\/www.dormane.fr\/documentation\/"},"modified":"2024-12-09T14:54:32","modified_gmt":"2024-12-09T13:54:32","slug":"documentation","status":"publish","type":"page","link":"https:\/\/www.dormane.fr\/pt-pt\/documentation\/","title":{"rendered":"Documenta\u00e7\u00e3o"},"content":{"rendered":"","protected":false},"excerpt":{"rendered":"","protected":false},"author":1,"featured_media":0,"parent":0,"menu_order":0,"comment_status":"closed","ping_status":"closed","template":"template-pages\/documentation-template.php","meta":{"_acf_changed":false,"inline_featured_image":false,"footnotes":""},"class_list":["post-7714","page","type-page","status-publish","hentry"],"acf":[],"yoast_head":"<!-- This site is optimized with the Yoast SEO plugin v27.4 - https:\/\/yoast.com\/product\/yoast-seo-wordpress\/ -->\n<title>Documenta\u00e7\u00e3o - Cabinet Dormane<\/title>\n<meta name=\"description\" content=\"Voir le d\u00e9tail de nos prestations et tarifs. Documentation sans engagement qui vous ouvre l&#039;acc\u00e8s au site web pour transmettre vos dossiers\" \/>\n<meta name=\"robots\" content=\"index, follow, max-snippet:-1, max-image-preview:large, max-video-preview:-1\" \/>\n<link rel=\"canonical\" href=\"https:\/\/www.dormane.fr\/pt-pt\/documentation\/\" \/>\n<meta property=\"og:locale\" content=\"pt_PT\" \/>\n<meta property=\"og:type\" content=\"article\" \/>\n<meta property=\"og:title\" content=\"Documenta\u00e7\u00e3o - Cabinet Dormane\" \/>\n<meta property=\"og:description\" content=\"Voir le d\u00e9tail de nos prestations et tarifs. Documentation sans engagement qui vous ouvre l&#039;acc\u00e8s au site web pour transmettre vos dossiers\" \/>\n<meta property=\"og:url\" content=\"https:\/\/www.dormane.fr\/pt-pt\/documentation\/\" \/>\n<meta property=\"og:site_name\" content=\"Cabinet Dormane\" \/>\n<meta property=\"article:modified_time\" content=\"2024-12-09T13:54:32+00:00\" \/>\n<meta name=\"twitter:card\" content=\"summary_large_image\" \/>\n<script type=\"application\/ld+json\" class=\"yoast-schema-graph\">{\"@context\":\"https:\\\/\\\/schema.org\",\"@graph\":[{\"@type\":\"WebPage\",\"@id\":\"https:\\\/\\\/www.dormane.fr\\\/pt-pt\\\/documentation\\\/\",\"url\":\"https:\\\/\\\/www.dormane.fr\\\/pt-pt\\\/documentation\\\/\",\"name\":\"Documenta\u00e7\u00e3o - Cabinet Dormane\",\"isPartOf\":{\"@id\":\"https:\\\/\\\/www.dormane.fr\\\/pt-pt\\\/#website\"},\"datePublished\":\"2022-05-23T09:36:45+00:00\",\"dateModified\":\"2024-12-09T13:54:32+00:00\",\"description\":\"Voir le d\u00e9tail de nos prestations et tarifs. Documentation sans engagement qui vous ouvre l'acc\u00e8s au site web pour transmettre vos dossiers\",\"breadcrumb\":{\"@id\":\"https:\\\/\\\/www.dormane.fr\\\/pt-pt\\\/documentation\\\/#breadcrumb\"},\"inLanguage\":\"pt-PT\",\"potentialAction\":[{\"@type\":\"ReadAction\",\"target\":[\"https:\\\/\\\/www.dormane.fr\\\/pt-pt\\\/documentation\\\/\"]}]},{\"@type\":\"BreadcrumbList\",\"@id\":\"https:\\\/\\\/www.dormane.fr\\\/pt-pt\\\/documentation\\\/#breadcrumb\",\"itemListElement\":[{\"@type\":\"ListItem\",\"position\":1,\"name\":\"Home\",\"item\":\"https:\\\/\\\/www.dormane.fr\\\/pt-pt\\\/\"},{\"@type\":\"ListItem\",\"position\":2,\"name\":\"Documenta\u00e7\u00e3o\"}]},{\"@type\":\"WebSite\",\"@id\":\"https:\\\/\\\/www.dormane.fr\\\/pt-pt\\\/#website\",\"url\":\"https:\\\/\\\/www.dormane.fr\\\/pt-pt\\\/\",\"name\":\"Cabinet Dormane\",\"description\":\"Votre cabinet de recouvrement de cr\u00e9ances.\",\"potentialAction\":[{\"@type\":\"SearchAction\",\"target\":{\"@type\":\"EntryPoint\",\"urlTemplate\":\"https:\\\/\\\/www.dormane.fr\\\/pt-pt\\\/?s={search_term_string}\"},\"query-input\":{\"@type\":\"PropertyValueSpecification\",\"valueRequired\":true,\"valueName\":\"search_term_string\"}}],\"inLanguage\":\"pt-PT\"}]}<\/script>\n<!-- \/ Yoast SEO plugin. -->","yoast_head_json":{"title":"Documenta\u00e7\u00e3o - Cabinet Dormane","description":"Voir le d\u00e9tail de nos prestations et tarifs. Documentation sans engagement qui vous ouvre l'acc\u00e8s au site web pour transmettre vos dossiers","robots":{"index":"index","follow":"follow","max-snippet":"max-snippet:-1","max-image-preview":"max-image-preview:large","max-video-preview":"max-video-preview:-1"},"canonical":"https:\/\/www.dormane.fr\/pt-pt\/documentation\/","og_locale":"pt_PT","og_type":"article","og_title":"Documenta\u00e7\u00e3o - Cabinet Dormane","og_description":"Voir le d\u00e9tail de nos prestations et tarifs. Documentation sans engagement qui vous ouvre l'acc\u00e8s au site web pour transmettre vos dossiers","og_url":"https:\/\/www.dormane.fr\/pt-pt\/documentation\/","og_site_name":"Cabinet Dormane","article_modified_time":"2024-12-09T13:54:32+00:00","twitter_card":"summary_large_image","schema":{"@context":"https:\/\/schema.org","@graph":[{"@type":"WebPage","@id":"https:\/\/www.dormane.fr\/pt-pt\/documentation\/","url":"https:\/\/www.dormane.fr\/pt-pt\/documentation\/","name":"Documenta\u00e7\u00e3o - Cabinet Dormane","isPartOf":{"@id":"https:\/\/www.dormane.fr\/pt-pt\/#website"},"datePublished":"2022-05-23T09:36:45+00:00","dateModified":"2024-12-09T13:54:32+00:00","description":"Voir le d\u00e9tail de nos prestations et tarifs. Documentation sans engagement qui vous ouvre l'acc\u00e8s au site web pour transmettre vos dossiers","breadcrumb":{"@id":"https:\/\/www.dormane.fr\/pt-pt\/documentation\/#breadcrumb"},"inLanguage":"pt-PT","potentialAction":[{"@type":"ReadAction","target":["https:\/\/www.dormane.fr\/pt-pt\/documentation\/"]}]},{"@type":"BreadcrumbList","@id":"https:\/\/www.dormane.fr\/pt-pt\/documentation\/#breadcrumb","itemListElement":[{"@type":"ListItem","position":1,"name":"Home","item":"https:\/\/www.dormane.fr\/pt-pt\/"},{"@type":"ListItem","position":2,"name":"Documenta\u00e7\u00e3o"}]},{"@type":"WebSite","@id":"https:\/\/www.dormane.fr\/pt-pt\/#website","url":"https:\/\/www.dormane.fr\/pt-pt\/","name":"Cabinet Dormane","description":"Votre cabinet de recouvrement de cr\u00e9ances.","potentialAction":[{"@type":"SearchAction","target":{"@type":"EntryPoint","urlTemplate":"https:\/\/www.dormane.fr\/pt-pt\/?s={search_term_string}"},"query-input":{"@type":"PropertyValueSpecification","valueRequired":true,"valueName":"search_term_string"}}],"inLanguage":"pt-PT"}]}},"_links":{"self":[{"href":"https:\/\/www.dormane.fr\/pt-pt\/wp-json\/wp\/v2\/pages\/7714","targetHints":{"allow":["GET"]}}],"collection":[{"href":"https:\/\/www.dormane.fr\/pt-pt\/wp-json\/wp\/v2\/pages"}],"about":[{"href":"https:\/\/www.dormane.fr\/pt-pt\/wp-json\/wp\/v2\/types\/page"}],"author":[{"embeddable":true,"href":"https:\/\/www.dormane.fr\/pt-pt\/wp-json\/wp\/v2\/users\/1"}],"replies":[{"embeddable":true,"href":"https:\/\/www.dormane.fr\/pt-pt\/wp-json\/wp\/v2\/comments?post=7714"}],"version-history":[{"count":3,"href":"https:\/\/www.dormane.fr\/pt-pt\/wp-json\/wp\/v2\/pages\/7714\/revisions"}],"predecessor-version":[{"id":8130,"href":"https:\/\/www.dormane.fr\/pt-pt\/wp-json\/wp\/v2\/pages\/7714\/revisions\/8130"}],"wp:attachment":[{"href":"https:\/\/www.dormane.fr\/pt-pt\/wp-json\/wp\/v2\/media?parent=7714"}],"curies":[{"name":"wp","href":"https:\/\/api.w.org\/{rel}","templated":true}]}}