{"id":6407,"date":"2022-05-12T13:43:13","date_gmt":"2022-05-12T11:43:13","guid":{"rendered":"https:\/\/www.dormane.fr\/page-d-exemple\/"},"modified":"2024-11-15T12:09:36","modified_gmt":"2024-11-15T11:09:36","slug":"page-d-exemple","status":"publish","type":"page","link":"https:\/\/www.dormane.fr\/pt-pt\/","title":{"rendered":"Cobran\u00e7a de d\u00edvidas &#8211; Cabinet Dormane"},"content":{"rendered":"<blockquote class=\"wp-embedded-content\" data-secret=\"QPyHibX8sW\"><p><a href=\"https:\/\/www.dormane.fr\/pt-pt\/services\/cobranca-b2b-internacional\/\">Recouvrement de cr\u00e9ances civiles<\/a><\/p><\/blockquote>\n<p><iframe loading=\"lazy\" class=\"wp-embedded-content\" sandbox=\"allow-scripts\" security=\"restricted\" style=\"position: absolute; visibility: hidden;\" title=\"&#8220;Recouvrement de cr\u00e9ances civiles&#8221; &#8212; Cabinet Dormane\" src=\"https:\/\/www.dormane.fr\/pt-pt\/services\/cobranca-b2b-internacional\/embed\/#?secret=bK8St0TOAx#?secret=QPyHibX8sW\" data-secret=\"QPyHibX8sW\" width=\"500\" height=\"282\" frameborder=\"0\" marginwidth=\"0\" marginheight=\"0\" scrolling=\"no\"><\/iframe><\/p>\n","protected":false},"excerpt":{"rendered":"<p>Recouvrement de cr\u00e9ances civiles<\/p>\n","protected":false},"author":1,"featured_media":0,"parent":0,"menu_order":0,"comment_status":"closed","ping_status":"open","template":"template-pages\/home-page.php","meta":{"_acf_changed":false,"inline_featured_image":false,"footnotes":""},"class_list":["post-6407","page","type-page","status-publish","hentry"],"acf":[],"yoast_head":"<!-- This site is optimized with the Yoast SEO plugin v27.4 - https:\/\/yoast.com\/product\/yoast-seo-wordpress\/ -->\n<title>Cobran\u00e7a de d\u00edvidas - Cabinet Dormane - Cabinet Dormane<\/title>\n<meta name=\"description\" content=\"soci\u00e9t\u00e9 de recouvrement de cr\u00e9ances civiles et commerciales. Actions amiables et proc\u00e9dures judiciaires. Injonction de payer\" \/>\n<meta name=\"robots\" content=\"index, follow, max-snippet:-1, max-image-preview:large, max-video-preview:-1\" \/>\n<link rel=\"canonical\" href=\"https:\/\/www.dormane.fr\/pt-pt\/\" \/>\n<meta property=\"og:locale\" content=\"pt_PT\" \/>\n<meta property=\"og:type\" content=\"article\" \/>\n<meta property=\"og:title\" content=\"Cobran\u00e7a de d\u00edvidas - Cabinet Dormane - Cabinet Dormane\" \/>\n<meta property=\"og:description\" content=\"soci\u00e9t\u00e9 de recouvrement de cr\u00e9ances civiles et commerciales. Actions amiables et proc\u00e9dures judiciaires. Injonction de payer\" \/>\n<meta property=\"og:url\" content=\"https:\/\/www.dormane.fr\/pt-pt\/\" \/>\n<meta property=\"og:site_name\" content=\"Cabinet Dormane\" \/>\n<meta property=\"article:modified_time\" content=\"2024-11-15T11:09:36+00:00\" \/>\n<meta name=\"twitter:card\" content=\"summary_large_image\" \/>\n<meta name=\"twitter:label1\" content=\"Tempo estimado de leitura\" \/>\n\t<meta name=\"twitter:data1\" content=\"1 minuto\" \/>\n<script type=\"application\/ld+json\" class=\"yoast-schema-graph\">{\"@context\":\"https:\\\/\\\/schema.org\",\"@graph\":[{\"@type\":\"WebPage\",\"@id\":\"https:\\\/\\\/www.dormane.fr\\\/pt-pt\\\/\",\"url\":\"https:\\\/\\\/www.dormane.fr\\\/pt-pt\\\/\",\"name\":\"Cobran\u00e7a de d\u00edvidas - Cabinet Dormane - Cabinet Dormane\",\"isPartOf\":{\"@id\":\"https:\\\/\\\/www.dormane.fr\\\/pt-pt\\\/#website\"},\"datePublished\":\"2022-05-12T11:43:13+00:00\",\"dateModified\":\"2024-11-15T11:09:36+00:00\",\"description\":\"soci\u00e9t\u00e9 de recouvrement de cr\u00e9ances civiles et commerciales. Actions amiables et proc\u00e9dures judiciaires. Injonction de payer\",\"breadcrumb\":{\"@id\":\"https:\\\/\\\/www.dormane.fr\\\/pt-pt\\\/#breadcrumb\"},\"inLanguage\":\"pt-PT\",\"potentialAction\":[{\"@type\":\"ReadAction\",\"target\":[\"https:\\\/\\\/www.dormane.fr\\\/pt-pt\\\/\"]}]},{\"@type\":\"BreadcrumbList\",\"@id\":\"https:\\\/\\\/www.dormane.fr\\\/pt-pt\\\/#breadcrumb\",\"itemListElement\":[{\"@type\":\"ListItem\",\"position\":1,\"name\":\"Home\",\"item\":\"https:\\\/\\\/www.dormane.fr\\\/pt-pt\\\/\"},{\"@type\":\"ListItem\",\"position\":2,\"name\":\"Cobran\u00e7a de d\u00edvidas &#8211; Cabinet Dormane\"}]},{\"@type\":\"WebSite\",\"@id\":\"https:\\\/\\\/www.dormane.fr\\\/pt-pt\\\/#website\",\"url\":\"https:\\\/\\\/www.dormane.fr\\\/pt-pt\\\/\",\"name\":\"Cabinet Dormane\",\"description\":\"Votre cabinet de recouvrement de cr\u00e9ances.\",\"potentialAction\":[{\"@type\":\"SearchAction\",\"target\":{\"@type\":\"EntryPoint\",\"urlTemplate\":\"https:\\\/\\\/www.dormane.fr\\\/pt-pt\\\/?s={search_term_string}\"},\"query-input\":{\"@type\":\"PropertyValueSpecification\",\"valueRequired\":true,\"valueName\":\"search_term_string\"}}],\"inLanguage\":\"pt-PT\"}]}<\/script>\n<!-- \/ Yoast SEO plugin. -->","yoast_head_json":{"title":"Cobran\u00e7a de d\u00edvidas - Cabinet Dormane - Cabinet Dormane","description":"soci\u00e9t\u00e9 de recouvrement de cr\u00e9ances civiles et commerciales. Actions amiables et proc\u00e9dures judiciaires. Injonction de payer","robots":{"index":"index","follow":"follow","max-snippet":"max-snippet:-1","max-image-preview":"max-image-preview:large","max-video-preview":"max-video-preview:-1"},"canonical":"https:\/\/www.dormane.fr\/pt-pt\/","og_locale":"pt_PT","og_type":"article","og_title":"Cobran\u00e7a de d\u00edvidas - Cabinet Dormane - Cabinet Dormane","og_description":"soci\u00e9t\u00e9 de recouvrement de cr\u00e9ances civiles et commerciales. Actions amiables et proc\u00e9dures judiciaires. Injonction de payer","og_url":"https:\/\/www.dormane.fr\/pt-pt\/","og_site_name":"Cabinet Dormane","article_modified_time":"2024-11-15T11:09:36+00:00","twitter_card":"summary_large_image","twitter_misc":{"Tempo estimado de leitura":"1 minuto"},"schema":{"@context":"https:\/\/schema.org","@graph":[{"@type":"WebPage","@id":"https:\/\/www.dormane.fr\/pt-pt\/","url":"https:\/\/www.dormane.fr\/pt-pt\/","name":"Cobran\u00e7a de d\u00edvidas - Cabinet Dormane - Cabinet Dormane","isPartOf":{"@id":"https:\/\/www.dormane.fr\/pt-pt\/#website"},"datePublished":"2022-05-12T11:43:13+00:00","dateModified":"2024-11-15T11:09:36+00:00","description":"soci\u00e9t\u00e9 de recouvrement de cr\u00e9ances civiles et commerciales. Actions amiables et proc\u00e9dures judiciaires. Injonction de payer","breadcrumb":{"@id":"https:\/\/www.dormane.fr\/pt-pt\/#breadcrumb"},"inLanguage":"pt-PT","potentialAction":[{"@type":"ReadAction","target":["https:\/\/www.dormane.fr\/pt-pt\/"]}]},{"@type":"BreadcrumbList","@id":"https:\/\/www.dormane.fr\/pt-pt\/#breadcrumb","itemListElement":[{"@type":"ListItem","position":1,"name":"Home","item":"https:\/\/www.dormane.fr\/pt-pt\/"},{"@type":"ListItem","position":2,"name":"Cobran\u00e7a de d\u00edvidas &#8211; Cabinet Dormane"}]},{"@type":"WebSite","@id":"https:\/\/www.dormane.fr\/pt-pt\/#website","url":"https:\/\/www.dormane.fr\/pt-pt\/","name":"Cabinet Dormane","description":"Votre cabinet de recouvrement de cr\u00e9ances.","potentialAction":[{"@type":"SearchAction","target":{"@type":"EntryPoint","urlTemplate":"https:\/\/www.dormane.fr\/pt-pt\/?s={search_term_string}"},"query-input":{"@type":"PropertyValueSpecification","valueRequired":true,"valueName":"search_term_string"}}],"inLanguage":"pt-PT"}]}},"_links":{"self":[{"href":"https:\/\/www.dormane.fr\/pt-pt\/wp-json\/wp\/v2\/pages\/6407","targetHints":{"allow":["GET"]}}],"collection":[{"href":"https:\/\/www.dormane.fr\/pt-pt\/wp-json\/wp\/v2\/pages"}],"about":[{"href":"https:\/\/www.dormane.fr\/pt-pt\/wp-json\/wp\/v2\/types\/page"}],"author":[{"embeddable":true,"href":"https:\/\/www.dormane.fr\/pt-pt\/wp-json\/wp\/v2\/users\/1"}],"replies":[{"embeddable":true,"href":"https:\/\/www.dormane.fr\/pt-pt\/wp-json\/wp\/v2\/comments?post=6407"}],"version-history":[{"count":5,"href":"https:\/\/www.dormane.fr\/pt-pt\/wp-json\/wp\/v2\/pages\/6407\/revisions"}],"predecessor-version":[{"id":7956,"href":"https:\/\/www.dormane.fr\/pt-pt\/wp-json\/wp\/v2\/pages\/6407\/revisions\/7956"}],"wp:attachment":[{"href":"https:\/\/www.dormane.fr\/pt-pt\/wp-json\/wp\/v2\/media?parent=6407"}],"curies":[{"name":"wp","href":"https:\/\/api.w.org\/{rel}","templated":true}]}}