{"id":5878,"date":"2022-05-12T13:43:13","date_gmt":"2022-05-12T11:43:13","guid":{"rendered":"https:\/\/www.dormane.fr\/page-d-exemple\/"},"modified":"2024-11-15T11:25:30","modified_gmt":"2024-11-15T10:25:30","slug":"page-d-exemple","status":"publish","type":"page","link":"https:\/\/www.dormane.fr\/es\/","title":{"rendered":"Expertos en recobro de impagados en Francia &#8211; Cabinet Dormane"},"content":{"rendered":"<blockquote class=\"wp-embedded-content\" data-secret=\"gUCoJliTUh\"><p><a href=\"https:\/\/www.dormane.fr\/es\/services\/recobro-de-deudas-comerciales\/\">Recouvrement de cr\u00e9ances civiles<\/a><\/p><\/blockquote>\n<p><iframe loading=\"lazy\" class=\"wp-embedded-content\" sandbox=\"allow-scripts\" security=\"restricted\" style=\"position: absolute; visibility: hidden;\" title=\"\u00abRecouvrement de cr\u00e9ances civiles\u00bb \u2014 Cabinet Dormane\" src=\"https:\/\/www.dormane.fr\/es\/services\/recobro-de-deudas-comerciales\/embed\/#?secret=FHvBaCFNrH#?secret=gUCoJliTUh\" data-secret=\"gUCoJliTUh\" width=\"500\" height=\"282\" frameborder=\"0\" marginwidth=\"0\" marginheight=\"0\" scrolling=\"no\"><\/iframe><\/p>\n","protected":false},"excerpt":{"rendered":"<p>Recouvrement de cr\u00e9ances civiles<\/p>\n","protected":false},"author":1,"featured_media":0,"parent":0,"menu_order":0,"comment_status":"closed","ping_status":"open","template":"template-pages\/home-page.php","meta":{"_acf_changed":false,"inline_featured_image":false,"footnotes":""},"class_list":["post-5878","page","type-page","status-publish","hentry"],"acf":[],"yoast_head":"<!-- This site is optimized with the Yoast SEO plugin v27.4 - https:\/\/yoast.com\/product\/yoast-seo-wordpress\/ -->\n<title>Recuperaci\u00f3n r\u00e1pida de sus impagados en Francia |Sin riesgo<\/title>\n<meta name=\"description\" content=\"Cobro de impagos en Francia | Cabinet Dormane, con m\u00e1s de 65 a\u00f1os de experiencia le acompa\u00f1a en la recuperaci\u00f3n de sus impagados |Honorarios por resultados\" \/>\n<meta name=\"robots\" content=\"index, follow, max-snippet:-1, max-image-preview:large, max-video-preview:-1\" \/>\n<link rel=\"canonical\" href=\"https:\/\/www.dormane.fr\/es\/\" \/>\n<meta property=\"og:locale\" content=\"es_ES\" \/>\n<meta property=\"og:type\" content=\"article\" \/>\n<meta property=\"og:title\" content=\"Recuperaci\u00f3n r\u00e1pida de sus impagados en Francia |Sin riesgo\" \/>\n<meta property=\"og:description\" content=\"Cobro de impagos en Francia | Cabinet Dormane, con m\u00e1s de 65 a\u00f1os de experiencia le acompa\u00f1a en la recuperaci\u00f3n de sus impagados |Honorarios por resultados\" \/>\n<meta property=\"og:url\" content=\"https:\/\/www.dormane.fr\/es\/\" \/>\n<meta property=\"og:site_name\" content=\"Cabinet Dormane\" \/>\n<meta property=\"article:modified_time\" content=\"2024-11-15T10:25:30+00:00\" \/>\n<meta name=\"twitter:card\" content=\"summary_large_image\" \/>\n<meta name=\"twitter:label1\" content=\"Tiempo de lectura\" \/>\n\t<meta name=\"twitter:data1\" content=\"1 minuto\" \/>\n<script type=\"application\/ld+json\" class=\"yoast-schema-graph\">{\"@context\":\"https:\\\/\\\/schema.org\",\"@graph\":[{\"@type\":\"WebPage\",\"@id\":\"https:\\\/\\\/www.dormane.fr\\\/es\\\/\",\"url\":\"https:\\\/\\\/www.dormane.fr\\\/es\\\/\",\"name\":\"Recuperaci\u00f3n r\u00e1pida de sus impagados en Francia |Sin riesgo\",\"isPartOf\":{\"@id\":\"https:\\\/\\\/www.dormane.fr\\\/es\\\/#website\"},\"datePublished\":\"2022-05-12T11:43:13+00:00\",\"dateModified\":\"2024-11-15T10:25:30+00:00\",\"description\":\"Cobro de impagos en Francia | Cabinet Dormane, con m\u00e1s de 65 a\u00f1os de experiencia le acompa\u00f1a en la recuperaci\u00f3n de sus impagados |Honorarios por resultados\",\"breadcrumb\":{\"@id\":\"https:\\\/\\\/www.dormane.fr\\\/es\\\/#breadcrumb\"},\"inLanguage\":\"es\",\"potentialAction\":[{\"@type\":\"ReadAction\",\"target\":[\"https:\\\/\\\/www.dormane.fr\\\/es\\\/\"]}]},{\"@type\":\"BreadcrumbList\",\"@id\":\"https:\\\/\\\/www.dormane.fr\\\/es\\\/#breadcrumb\",\"itemListElement\":[{\"@type\":\"ListItem\",\"position\":1,\"name\":\"Home\",\"item\":\"https:\\\/\\\/www.dormane.fr\\\/es\\\/\"},{\"@type\":\"ListItem\",\"position\":2,\"name\":\"Expertos en recobro de impagados en Francia &#8211; Cabinet Dormane\"}]},{\"@type\":\"WebSite\",\"@id\":\"https:\\\/\\\/www.dormane.fr\\\/es\\\/#website\",\"url\":\"https:\\\/\\\/www.dormane.fr\\\/es\\\/\",\"name\":\"Cabinet Dormane\",\"description\":\"Votre cabinet de recouvrement de cr\u00e9ances.\",\"potentialAction\":[{\"@type\":\"SearchAction\",\"target\":{\"@type\":\"EntryPoint\",\"urlTemplate\":\"https:\\\/\\\/www.dormane.fr\\\/es\\\/?s={search_term_string}\"},\"query-input\":{\"@type\":\"PropertyValueSpecification\",\"valueRequired\":true,\"valueName\":\"search_term_string\"}}],\"inLanguage\":\"es\"}]}<\/script>\n<!-- \/ Yoast SEO plugin. -->","yoast_head_json":{"title":"Recuperaci\u00f3n r\u00e1pida de sus impagados en Francia |Sin riesgo","description":"Cobro de impagos en Francia | Cabinet Dormane, con m\u00e1s de 65 a\u00f1os de experiencia le acompa\u00f1a en la recuperaci\u00f3n de sus impagados |Honorarios por resultados","robots":{"index":"index","follow":"follow","max-snippet":"max-snippet:-1","max-image-preview":"max-image-preview:large","max-video-preview":"max-video-preview:-1"},"canonical":"https:\/\/www.dormane.fr\/es\/","og_locale":"es_ES","og_type":"article","og_title":"Recuperaci\u00f3n r\u00e1pida de sus impagados en Francia |Sin riesgo","og_description":"Cobro de impagos en Francia | Cabinet Dormane, con m\u00e1s de 65 a\u00f1os de experiencia le acompa\u00f1a en la recuperaci\u00f3n de sus impagados |Honorarios por resultados","og_url":"https:\/\/www.dormane.fr\/es\/","og_site_name":"Cabinet Dormane","article_modified_time":"2024-11-15T10:25:30+00:00","twitter_card":"summary_large_image","twitter_misc":{"Tiempo de lectura":"1 minuto"},"schema":{"@context":"https:\/\/schema.org","@graph":[{"@type":"WebPage","@id":"https:\/\/www.dormane.fr\/es\/","url":"https:\/\/www.dormane.fr\/es\/","name":"Recuperaci\u00f3n r\u00e1pida de sus impagados en Francia |Sin riesgo","isPartOf":{"@id":"https:\/\/www.dormane.fr\/es\/#website"},"datePublished":"2022-05-12T11:43:13+00:00","dateModified":"2024-11-15T10:25:30+00:00","description":"Cobro de impagos en Francia | Cabinet Dormane, con m\u00e1s de 65 a\u00f1os de experiencia le acompa\u00f1a en la recuperaci\u00f3n de sus impagados |Honorarios por resultados","breadcrumb":{"@id":"https:\/\/www.dormane.fr\/es\/#breadcrumb"},"inLanguage":"es","potentialAction":[{"@type":"ReadAction","target":["https:\/\/www.dormane.fr\/es\/"]}]},{"@type":"BreadcrumbList","@id":"https:\/\/www.dormane.fr\/es\/#breadcrumb","itemListElement":[{"@type":"ListItem","position":1,"name":"Home","item":"https:\/\/www.dormane.fr\/es\/"},{"@type":"ListItem","position":2,"name":"Expertos en recobro de impagados en Francia &#8211; Cabinet Dormane"}]},{"@type":"WebSite","@id":"https:\/\/www.dormane.fr\/es\/#website","url":"https:\/\/www.dormane.fr\/es\/","name":"Cabinet Dormane","description":"Votre cabinet de recouvrement de cr\u00e9ances.","potentialAction":[{"@type":"SearchAction","target":{"@type":"EntryPoint","urlTemplate":"https:\/\/www.dormane.fr\/es\/?s={search_term_string}"},"query-input":{"@type":"PropertyValueSpecification","valueRequired":true,"valueName":"search_term_string"}}],"inLanguage":"es"}]}},"_links":{"self":[{"href":"https:\/\/www.dormane.fr\/es\/wp-json\/wp\/v2\/pages\/5878","targetHints":{"allow":["GET"]}}],"collection":[{"href":"https:\/\/www.dormane.fr\/es\/wp-json\/wp\/v2\/pages"}],"about":[{"href":"https:\/\/www.dormane.fr\/es\/wp-json\/wp\/v2\/types\/page"}],"author":[{"embeddable":true,"href":"https:\/\/www.dormane.fr\/es\/wp-json\/wp\/v2\/users\/1"}],"replies":[{"embeddable":true,"href":"https:\/\/www.dormane.fr\/es\/wp-json\/wp\/v2\/comments?post=5878"}],"version-history":[{"count":5,"href":"https:\/\/www.dormane.fr\/es\/wp-json\/wp\/v2\/pages\/5878\/revisions"}],"predecessor-version":[{"id":7943,"href":"https:\/\/www.dormane.fr\/es\/wp-json\/wp\/v2\/pages\/5878\/revisions\/7943"}],"wp:attachment":[{"href":"https:\/\/www.dormane.fr\/es\/wp-json\/wp\/v2\/media?parent=5878"}],"curies":[{"name":"wp","href":"https:\/\/api.w.org\/{rel}","templated":true}]}}