{"id":5872,"date":"2022-05-18T08:33:04","date_gmt":"2022-05-18T06:33:04","guid":{"rendered":"https:\/\/www.dormane.fr\/faq\/"},"modified":"2024-11-11T01:13:33","modified_gmt":"2024-11-11T00:13:33","slug":"faq","status":"publish","type":"page","link":"https:\/\/www.dormane.fr\/es\/faq\/","title":{"rendered":"FAQ"},"content":{"rendered":"","protected":false},"excerpt":{"rendered":"","protected":false},"author":1,"featured_media":0,"parent":0,"menu_order":0,"comment_status":"closed","ping_status":"closed","template":"template-pages\/faq-page.php","meta":{"_acf_changed":false,"inline_featured_image":false,"footnotes":""},"class_list":["post-5872","page","type-page","status-publish","hentry"],"acf":[],"yoast_head":"<!-- This site is optimized with the Yoast SEO plugin v27.4 - https:\/\/yoast.com\/product\/yoast-seo-wordpress\/ -->\n<title>FAQ - Cabinet Dormane<\/title>\n<meta name=\"description\" content=\"Toutes les r\u00e9ponses \u00e0 vos questions sur le recouvrement des impay\u00e9s: comment \u00e7a marche, confier un dossier, facturation, suivi des dossiers\" \/>\n<meta name=\"robots\" content=\"index, follow, max-snippet:-1, max-image-preview:large, max-video-preview:-1\" \/>\n<link rel=\"canonical\" href=\"https:\/\/www.dormane.fr\/es\/faq\/\" \/>\n<meta property=\"og:locale\" content=\"es_ES\" \/>\n<meta property=\"og:type\" content=\"article\" \/>\n<meta property=\"og:title\" content=\"FAQ - Cabinet Dormane\" \/>\n<meta property=\"og:description\" content=\"Toutes les r\u00e9ponses \u00e0 vos questions sur le recouvrement des impay\u00e9s: comment \u00e7a marche, confier un dossier, facturation, suivi des dossiers\" \/>\n<meta property=\"og:url\" content=\"https:\/\/www.dormane.fr\/es\/faq\/\" \/>\n<meta property=\"og:site_name\" content=\"Cabinet Dormane\" \/>\n<meta property=\"article:modified_time\" content=\"2024-11-11T00:13:33+00:00\" \/>\n<meta name=\"twitter:card\" content=\"summary_large_image\" \/>\n<script type=\"application\/ld+json\" class=\"yoast-schema-graph\">{\"@context\":\"https:\\\/\\\/schema.org\",\"@graph\":[{\"@type\":[\"WebPage\",\"FAQPage\"],\"@id\":\"https:\\\/\\\/www.dormane.fr\\\/es\\\/faq\\\/\",\"url\":\"https:\\\/\\\/www.dormane.fr\\\/es\\\/faq\\\/\",\"name\":\"FAQ - Cabinet Dormane\",\"isPartOf\":{\"@id\":\"https:\\\/\\\/www.dormane.fr\\\/es\\\/#website\"},\"datePublished\":\"2022-05-18T06:33:04+00:00\",\"dateModified\":\"2024-11-11T00:13:33+00:00\",\"description\":\"Toutes les r\u00e9ponses \u00e0 vos questions sur le recouvrement des impay\u00e9s: comment \u00e7a marche, confier un dossier, facturation, suivi des dossiers\",\"breadcrumb\":{\"@id\":\"https:\\\/\\\/www.dormane.fr\\\/es\\\/faq\\\/#breadcrumb\"},\"inLanguage\":\"es\",\"potentialAction\":[{\"@type\":\"ReadAction\",\"target\":[\"https:\\\/\\\/www.dormane.fr\\\/es\\\/faq\\\/\"]}]},{\"@type\":\"BreadcrumbList\",\"@id\":\"https:\\\/\\\/www.dormane.fr\\\/es\\\/faq\\\/#breadcrumb\",\"itemListElement\":[{\"@type\":\"ListItem\",\"position\":1,\"name\":\"Home\",\"item\":\"https:\\\/\\\/www.dormane.fr\\\/es\\\/\"},{\"@type\":\"ListItem\",\"position\":2,\"name\":\"FAQ\"}]},{\"@type\":\"WebSite\",\"@id\":\"https:\\\/\\\/www.dormane.fr\\\/es\\\/#website\",\"url\":\"https:\\\/\\\/www.dormane.fr\\\/es\\\/\",\"name\":\"Cabinet Dormane\",\"description\":\"Votre cabinet de recouvrement de cr\u00e9ances.\",\"potentialAction\":[{\"@type\":\"SearchAction\",\"target\":{\"@type\":\"EntryPoint\",\"urlTemplate\":\"https:\\\/\\\/www.dormane.fr\\\/es\\\/?s={search_term_string}\"},\"query-input\":{\"@type\":\"PropertyValueSpecification\",\"valueRequired\":true,\"valueName\":\"search_term_string\"}}],\"inLanguage\":\"es\"}]}<\/script>\n<!-- \/ Yoast SEO plugin. -->","yoast_head_json":{"title":"FAQ - Cabinet Dormane","description":"Toutes les r\u00e9ponses \u00e0 vos questions sur le recouvrement des impay\u00e9s: comment \u00e7a marche, confier un dossier, facturation, suivi des dossiers","robots":{"index":"index","follow":"follow","max-snippet":"max-snippet:-1","max-image-preview":"max-image-preview:large","max-video-preview":"max-video-preview:-1"},"canonical":"https:\/\/www.dormane.fr\/es\/faq\/","og_locale":"es_ES","og_type":"article","og_title":"FAQ - Cabinet Dormane","og_description":"Toutes les r\u00e9ponses \u00e0 vos questions sur le recouvrement des impay\u00e9s: comment \u00e7a marche, confier un dossier, facturation, suivi des dossiers","og_url":"https:\/\/www.dormane.fr\/es\/faq\/","og_site_name":"Cabinet Dormane","article_modified_time":"2024-11-11T00:13:33+00:00","twitter_card":"summary_large_image","schema":{"@context":"https:\/\/schema.org","@graph":[{"@type":["WebPage","FAQPage"],"@id":"https:\/\/www.dormane.fr\/es\/faq\/","url":"https:\/\/www.dormane.fr\/es\/faq\/","name":"FAQ - Cabinet Dormane","isPartOf":{"@id":"https:\/\/www.dormane.fr\/es\/#website"},"datePublished":"2022-05-18T06:33:04+00:00","dateModified":"2024-11-11T00:13:33+00:00","description":"Toutes les r\u00e9ponses \u00e0 vos questions sur le recouvrement des impay\u00e9s: comment \u00e7a marche, confier un dossier, facturation, suivi des dossiers","breadcrumb":{"@id":"https:\/\/www.dormane.fr\/es\/faq\/#breadcrumb"},"inLanguage":"es","potentialAction":[{"@type":"ReadAction","target":["https:\/\/www.dormane.fr\/es\/faq\/"]}]},{"@type":"BreadcrumbList","@id":"https:\/\/www.dormane.fr\/es\/faq\/#breadcrumb","itemListElement":[{"@type":"ListItem","position":1,"name":"Home","item":"https:\/\/www.dormane.fr\/es\/"},{"@type":"ListItem","position":2,"name":"FAQ"}]},{"@type":"WebSite","@id":"https:\/\/www.dormane.fr\/es\/#website","url":"https:\/\/www.dormane.fr\/es\/","name":"Cabinet Dormane","description":"Votre cabinet de recouvrement de cr\u00e9ances.","potentialAction":[{"@type":"SearchAction","target":{"@type":"EntryPoint","urlTemplate":"https:\/\/www.dormane.fr\/es\/?s={search_term_string}"},"query-input":{"@type":"PropertyValueSpecification","valueRequired":true,"valueName":"search_term_string"}}],"inLanguage":"es"}]}},"_links":{"self":[{"href":"https:\/\/www.dormane.fr\/es\/wp-json\/wp\/v2\/pages\/5872","targetHints":{"allow":["GET"]}}],"collection":[{"href":"https:\/\/www.dormane.fr\/es\/wp-json\/wp\/v2\/pages"}],"about":[{"href":"https:\/\/www.dormane.fr\/es\/wp-json\/wp\/v2\/types\/page"}],"author":[{"embeddable":true,"href":"https:\/\/www.dormane.fr\/es\/wp-json\/wp\/v2\/users\/1"}],"replies":[{"embeddable":true,"href":"https:\/\/www.dormane.fr\/es\/wp-json\/wp\/v2\/comments?post=5872"}],"version-history":[{"count":5,"href":"https:\/\/www.dormane.fr\/es\/wp-json\/wp\/v2\/pages\/5872\/revisions"}],"predecessor-version":[{"id":7705,"href":"https:\/\/www.dormane.fr\/es\/wp-json\/wp\/v2\/pages\/5872\/revisions\/7705"}],"wp:attachment":[{"href":"https:\/\/www.dormane.fr\/es\/wp-json\/wp\/v2\/media?parent=5872"}],"curies":[{"name":"wp","href":"https:\/\/api.w.org\/{rel}","templated":true}]}}