{"id":6308,"date":"2022-05-12T13:43:13","date_gmt":"2022-05-12T11:43:13","guid":{"rendered":"https:\/\/www.dormane.fr\/page-d-exemple\/"},"modified":"2024-12-11T17:11:04","modified_gmt":"2024-12-11T16:11:04","slug":"inkassobuero-in-frankreich","status":"publish","type":"page","link":"https:\/\/www.dormane.fr\/de\/","title":{"rendered":"Recouvrement de Cr\u00e9ances &#8211; Cabinet Dormane."},"content":{"rendered":"<blockquote class=\"wp-embedded-content\" data-secret=\"VKUL9XP6u4\"><p><a href=\"https:\/\/www.dormane.fr\/de\/services\/internationales-geschaeftliches-inkasso\/\">Recouvrement de cr\u00e9ances civiles<\/a><\/p><\/blockquote>\n<p><iframe loading=\"lazy\" class=\"wp-embedded-content\" sandbox=\"allow-scripts\" security=\"restricted\" style=\"position: absolute; visibility: hidden;\" title=\"&#8222;Recouvrement de cr\u00e9ances civiles&#8220; &#8212; Cabinet Dormane\" src=\"https:\/\/www.dormane.fr\/de\/services\/internationales-geschaeftliches-inkasso\/embed\/#?secret=RFzLCWghin#?secret=VKUL9XP6u4\" data-secret=\"VKUL9XP6u4\" width=\"500\" height=\"282\" frameborder=\"0\" marginwidth=\"0\" marginheight=\"0\" scrolling=\"no\"><\/iframe><\/p>\n","protected":false},"excerpt":{"rendered":"<p>Recouvrement de cr\u00e9ances civiles<\/p>\n","protected":false},"author":1,"featured_media":0,"parent":0,"menu_order":0,"comment_status":"closed","ping_status":"open","template":"template-pages\/home-page.php","meta":{"_acf_changed":false,"inline_featured_image":false,"footnotes":""},"class_list":["post-6308","page","type-page","status-publish","hentry"],"acf":[],"yoast_head":"<!-- This site is optimized with the Yoast SEO plugin v27.4 - https:\/\/yoast.com\/product\/yoast-seo-wordpress\/ -->\n<title>Cabinet Dormane Inkassob\u00fcro<\/title>\n<meta name=\"description\" content=\"Inkassob\u00fcro in Frankreich - \u00dcber 65 Jahre Erfahrung - Internationales B2B Gesch\u00e4ftsinkasso - Inkasso f\u00fcr E-Commerce\" \/>\n<meta name=\"robots\" content=\"index, follow, max-snippet:-1, max-image-preview:large, max-video-preview:-1\" \/>\n<link rel=\"canonical\" href=\"https:\/\/www.dormane.fr\/de\/\" \/>\n<meta property=\"og:locale\" content=\"de_DE\" \/>\n<meta property=\"og:type\" content=\"article\" \/>\n<meta property=\"og:title\" content=\"Cabinet Dormane Inkassob\u00fcro\" \/>\n<meta property=\"og:description\" content=\"Inkassob\u00fcro in Frankreich - \u00dcber 65 Jahre Erfahrung - Internationales B2B Gesch\u00e4ftsinkasso - Inkasso f\u00fcr E-Commerce\" \/>\n<meta property=\"og:url\" content=\"https:\/\/www.dormane.fr\/de\/\" \/>\n<meta property=\"og:site_name\" content=\"Cabinet Dormane\" \/>\n<meta property=\"article:modified_time\" content=\"2024-12-11T16:11:04+00:00\" \/>\n<meta name=\"twitter:card\" content=\"summary_large_image\" \/>\n<meta name=\"twitter:label1\" content=\"Gesch\u00e4tzte Lesezeit\" \/>\n\t<meta name=\"twitter:data1\" content=\"1\u00a0Minute\" \/>\n<script type=\"application\/ld+json\" class=\"yoast-schema-graph\">{\"@context\":\"https:\\\/\\\/schema.org\",\"@graph\":[{\"@type\":\"WebPage\",\"@id\":\"https:\\\/\\\/www.dormane.fr\\\/de\\\/\",\"url\":\"https:\\\/\\\/www.dormane.fr\\\/de\\\/\",\"name\":\"Cabinet Dormane Inkassob\u00fcro\",\"isPartOf\":{\"@id\":\"https:\\\/\\\/www.dormane.fr\\\/de\\\/#website\"},\"datePublished\":\"2022-05-12T11:43:13+00:00\",\"dateModified\":\"2024-12-11T16:11:04+00:00\",\"description\":\"Inkassob\u00fcro in Frankreich - \u00dcber 65 Jahre Erfahrung - Internationales B2B Gesch\u00e4ftsinkasso - Inkasso f\u00fcr E-Commerce\",\"breadcrumb\":{\"@id\":\"https:\\\/\\\/www.dormane.fr\\\/de\\\/#breadcrumb\"},\"inLanguage\":\"de\",\"potentialAction\":[{\"@type\":\"ReadAction\",\"target\":[\"https:\\\/\\\/www.dormane.fr\\\/de\\\/\"]}]},{\"@type\":\"BreadcrumbList\",\"@id\":\"https:\\\/\\\/www.dormane.fr\\\/de\\\/#breadcrumb\",\"itemListElement\":[{\"@type\":\"ListItem\",\"position\":1,\"name\":\"Home\",\"item\":\"https:\\\/\\\/www.dormane.fr\\\/de\\\/\"},{\"@type\":\"ListItem\",\"position\":2,\"name\":\"Recouvrement de Cr\u00e9ances &#8211; Cabinet Dormane.\"}]},{\"@type\":\"WebSite\",\"@id\":\"https:\\\/\\\/www.dormane.fr\\\/de\\\/#website\",\"url\":\"https:\\\/\\\/www.dormane.fr\\\/de\\\/\",\"name\":\"Cabinet Dormane\",\"description\":\"Votre cabinet de recouvrement de cr\u00e9ances.\",\"potentialAction\":[{\"@type\":\"SearchAction\",\"target\":{\"@type\":\"EntryPoint\",\"urlTemplate\":\"https:\\\/\\\/www.dormane.fr\\\/de\\\/?s={search_term_string}\"},\"query-input\":{\"@type\":\"PropertyValueSpecification\",\"valueRequired\":true,\"valueName\":\"search_term_string\"}}],\"inLanguage\":\"de\"}]}<\/script>\n<!-- \/ Yoast SEO plugin. -->","yoast_head_json":{"title":"Cabinet Dormane Inkassob\u00fcro","description":"Inkassob\u00fcro in Frankreich - \u00dcber 65 Jahre Erfahrung - Internationales B2B Gesch\u00e4ftsinkasso - Inkasso f\u00fcr E-Commerce","robots":{"index":"index","follow":"follow","max-snippet":"max-snippet:-1","max-image-preview":"max-image-preview:large","max-video-preview":"max-video-preview:-1"},"canonical":"https:\/\/www.dormane.fr\/de\/","og_locale":"de_DE","og_type":"article","og_title":"Cabinet Dormane Inkassob\u00fcro","og_description":"Inkassob\u00fcro in Frankreich - \u00dcber 65 Jahre Erfahrung - Internationales B2B Gesch\u00e4ftsinkasso - Inkasso f\u00fcr E-Commerce","og_url":"https:\/\/www.dormane.fr\/de\/","og_site_name":"Cabinet Dormane","article_modified_time":"2024-12-11T16:11:04+00:00","twitter_card":"summary_large_image","twitter_misc":{"Gesch\u00e4tzte Lesezeit":"1\u00a0Minute"},"schema":{"@context":"https:\/\/schema.org","@graph":[{"@type":"WebPage","@id":"https:\/\/www.dormane.fr\/de\/","url":"https:\/\/www.dormane.fr\/de\/","name":"Cabinet Dormane Inkassob\u00fcro","isPartOf":{"@id":"https:\/\/www.dormane.fr\/de\/#website"},"datePublished":"2022-05-12T11:43:13+00:00","dateModified":"2024-12-11T16:11:04+00:00","description":"Inkassob\u00fcro in Frankreich - \u00dcber 65 Jahre Erfahrung - Internationales B2B Gesch\u00e4ftsinkasso - Inkasso f\u00fcr E-Commerce","breadcrumb":{"@id":"https:\/\/www.dormane.fr\/de\/#breadcrumb"},"inLanguage":"de","potentialAction":[{"@type":"ReadAction","target":["https:\/\/www.dormane.fr\/de\/"]}]},{"@type":"BreadcrumbList","@id":"https:\/\/www.dormane.fr\/de\/#breadcrumb","itemListElement":[{"@type":"ListItem","position":1,"name":"Home","item":"https:\/\/www.dormane.fr\/de\/"},{"@type":"ListItem","position":2,"name":"Recouvrement de Cr\u00e9ances &#8211; Cabinet Dormane."}]},{"@type":"WebSite","@id":"https:\/\/www.dormane.fr\/de\/#website","url":"https:\/\/www.dormane.fr\/de\/","name":"Cabinet Dormane","description":"Votre cabinet de recouvrement de cr\u00e9ances.","potentialAction":[{"@type":"SearchAction","target":{"@type":"EntryPoint","urlTemplate":"https:\/\/www.dormane.fr\/de\/?s={search_term_string}"},"query-input":{"@type":"PropertyValueSpecification","valueRequired":true,"valueName":"search_term_string"}}],"inLanguage":"de"}]}},"_links":{"self":[{"href":"https:\/\/www.dormane.fr\/de\/wp-json\/wp\/v2\/pages\/6308","targetHints":{"allow":["GET"]}}],"collection":[{"href":"https:\/\/www.dormane.fr\/de\/wp-json\/wp\/v2\/pages"}],"about":[{"href":"https:\/\/www.dormane.fr\/de\/wp-json\/wp\/v2\/types\/page"}],"author":[{"embeddable":true,"href":"https:\/\/www.dormane.fr\/de\/wp-json\/wp\/v2\/users\/1"}],"replies":[{"embeddable":true,"href":"https:\/\/www.dormane.fr\/de\/wp-json\/wp\/v2\/comments?post=6308"}],"version-history":[{"count":5,"href":"https:\/\/www.dormane.fr\/de\/wp-json\/wp\/v2\/pages\/6308\/revisions"}],"predecessor-version":[{"id":8176,"href":"https:\/\/www.dormane.fr\/de\/wp-json\/wp\/v2\/pages\/6308\/revisions\/8176"}],"wp:attachment":[{"href":"https:\/\/www.dormane.fr\/de\/wp-json\/wp\/v2\/media?parent=6308"}],"curies":[{"name":"wp","href":"https:\/\/api.w.org\/{rel}","templated":true}]}}